{"id":61,"date":"2026-01-12T20:28:02","date_gmt":"2026-01-12T20:28:02","guid":{"rendered":"https:\/\/parroquiadesanjoseobrero.com\/?page_id=61"},"modified":"2026-01-12T20:28:04","modified_gmt":"2026-01-12T20:28:04","slug":"historia","status":"publish","type":"page","link":"https:\/\/parroquiadesanjoseobrero.com\/index.php\/historia\/","title":{"rendered":"Historia"},"content":{"rendered":"\n<p>La Parroquia San Jos\u00e9 Obrero fue fundada en 1997, siendo su primer p\u00e1rroco el Padre Ram\u00f3n D\u00edaz Salda\u00f1a, fallecido en octubre de 2025, Actualmente se construye lo que ser\u00e1 el centro parroquial San Jos\u00e9 Obrero, teniendo como principal obra la construcci\u00f3n del nuevo templo parroquial. La Parroquia San Jos\u00e9 Obrero de Tamazula la Di\u00f3cesis de Ciudad Guzm\u00e1n. El nuevo templo y el centro parroquial, ser\u00e1n un punto de referencia espiritual y social para la comunidad.<br><\/p>\n\n\n\n<p>Ante la necesidad de contar con un templo con m\u00e1s espacios, mejor ubicaci\u00f3n, mejores instalaciones y m\u00e1s accesibilidad para los feligreses de la Parroquia de San Jos\u00e9 Obrero, el Se\u00f1or Cura Ram\u00f3n D\u00edaz Salda\u00f1a, conjuntamente con el Concejo Parroquial, inician tr\u00e1mites y planeaci\u00f3n para la construcci\u00f3n de lo que se llamar\u00e1 El Centro Parroquial San Jos\u00e9 Obrero.<\/p>\n\n\n\n<p><br>La edificaci\u00f3n debe: \u201cayudar a la gente a vivir en plenitud la liturgia, que es la celebraci\u00f3n de los misterios de Cristo, porque debe de ser bien participada , consciente y fructuosa\u201d<\/p>\n\n\n\n<p><br>La edificaci\u00f3n debe hacer sentir a los creyentes que: \u201dse vive activamente la fe y no debe faltar nada para que se lleve a cabo la catequesis y la formaci\u00f3n de los fieles y que vivan su fe de manera integral y comprometida.\u201d<\/p>\n\n\n\n<p><br>Trabajo.<br>En un inicio se tuvo el siguiente proyecto arquitect\u00f3nico, que por diversos motivos tuvo que ser modificado.<br>El Centro Parroquial San Jos\u00e9 Obrero, de acuerdo a ciertas recomendaciones de expertos, tanto en arquitectura como en religi\u00f3n, constar\u00e1 de los siguientes espacios:<\/p>\n\n\n\n<ol class=\"wp-block-list\">\n<li>Encuentro<\/li>\n\n\n\n<li>Evangelizaci\u00f3n y catequesis<\/li>\n\n\n\n<li>Culto<\/li>\n\n\n\n<li>Caridad y apostolado<\/li>\n\n\n\n<li>Servicios de coordinaci\u00f3n<br>2<\/li>\n\n\n\n<li>Habitaciones<\/li>\n\n\n\n<li>Obras complementarias<\/li>\n<\/ol>\n\n\n\n<figure class=\"wp-block-image aligncenter size-large is-resized\"><img loading=\"lazy\" decoding=\"async\" width=\"1024\" height=\"768\" src=\"https:\/\/parroquiadesanjoseobrero.com\/wp-content\/uploads\/2026\/01\/9-1024x768.jpg\" alt=\"\" class=\"wp-image-54\" style=\"aspect-ratio:1.3333672431332655;width:1024px;height:auto\" srcset=\"https:\/\/parroquiadesanjoseobrero.com\/wp-content\/uploads\/2026\/01\/9-1024x768.jpg 1024w, https:\/\/parroquiadesanjoseobrero.com\/wp-content\/uploads\/2026\/01\/9-300x225.jpg 300w, https:\/\/parroquiadesanjoseobrero.com\/wp-content\/uploads\/2026\/01\/9-768x576.jpg 768w, https:\/\/parroquiadesanjoseobrero.com\/wp-content\/uploads\/2026\/01\/9.jpg 1348w\" sizes=\"auto, (max-width: 1024px) 100vw, 1024px\" \/><\/figure>\n\n\n\n<p>Para lograr tan anhelado sue\u00f1o compartido por el P\u00e1rroco Lic. Ram\u00f3n D\u00edaz Salda\u00f1a y la feligres\u00eda parroquial, se tuvieron reuniones con algunos fieles invitados en las misas dominicales, y en un inicio para lograr la autorizaci\u00f3n de Nuestro Excelent\u00edsimo Sr. Obispo Braulio Rafael Le\u00f3n Villegas, acompa\u00f1aron al Padre Ram\u00f3n y se obtuvo el permiso de construcci\u00f3n. Todo esto ocurri\u00f3 hacia el a\u00f1o 2003, tiempo en que se coloc\u00f3 la primera piedra y se bendijo el lugar por el Sr. Obispo, en una solemne ceremonia.<\/p>\n\n\n\n<p><br>Empieza a correr el a\u00f1o 2004 en que se conforma el primer grupo impulsor de construcci\u00f3n, quien con la decidida participaci\u00f3n de los fieles que conforman la Parroquia San Jos\u00e9 Obrero, tanto en la zona urbana como en la rural, se inician los trabajos de construcci\u00f3n, primeramente para la edificaci\u00f3n de la casa del sacerdote. Este grupo se conform\u00f3 por las siguientes personas:<\/p>\n\n\n\n<p><br>Pbro. Ram\u00f3n D\u00edaz Salda\u00f1a, Fernando Ramirez Casta\u00f1eda, Ramiro Garc\u00eda Torres, Juan Jos\u00e9 Moreno Gildo, Juan M. Antill\u00f3n Ruelas, Oscar Alejandro Navarro Pati\u00f1o, Guillermina Sep\u00falveda Galindo, Antonio Torres Jacobo, Mar\u00eda Gallegos Vel\u00e1zquez, Francisca Villalvazo Leal, Alfonso Sep\u00falveda Galindo, Jos\u00e9 Carlos Valdovinos Romero, Marina Mu\u00f1oz Gonz\u00e1lez, Jaime L\u00f3pez Ortiz (QDEP).<\/p>\n\n\n\n<p>Mediante diversas actividades, en las que participaron gran n\u00famero de fieles, mediante rifas, colectas, aportaciones de las mayordom\u00edas de las fiestas, etc. y que se muestran en informes financieros anuales del Anexo 1, se edificaron la casa del sacerdote, sacrist\u00eda, sanitarios, notaria y doctrina. Asimismo se realizaron los estudios de mec\u00e1nicas de suelo y construyeron algunas columnas de soporte para el edificio del templo.<\/p>\n\n\n\n<p><br>Asimismo, este grupo acord\u00f3 la construcci\u00f3n de un columbario con 40 nichos para albergar 4 urnas con cenizas mortuorias cada uno, que se ceder\u00edan en uso a perpetuidad mediante la cooperaci\u00f3n de $ 7,000.00 para lograr fondos para la construcci\u00f3n del centro parroquial.<\/p>\n\n\n\n<p>A partir de febrero del 2013 se conform\u00f3 lo que actualmente es Grupo Impulsor de Construcci\u00f3n del Centro Parroquial San Jos\u00e9 Obrero, y que son las siguientes personas:<br>Jos\u00e9 Luis Ochoa Castro, <br>Guillermina Sep\u00falveda Galindo, <br>Irma Abrica Bracamontes, <br>Ma. Ang\u00e9lica Gonz\u00e1lez D\u00edaz, <br>Margarita Castro Anguiano, <br>Marina Mu\u00f1oz Gonz\u00e1lez, <br>Jos\u00e9 Luis Ochoa Avalos, <br>Jos\u00e9 Carlos Valdovinos Romero.<\/p>\n\n\n\n<p><br><strong>RECINTO SAN JOSE OBRERO<\/strong><\/p>\n\n\n\n<p><br>Es un ambicioso proyecto, dentro del Centro Parroquial San Jos\u00e9 Obrero, en el cual se construir\u00e1n alrededor de 6,000 nichos para albergar cenizas mortuorias.<br>Hoy en d\u00eda los cementerios, privados o p\u00fablicos, est\u00e1n atravesando una etapa cr\u00edtica por diversas razones: saturaci\u00f3n, distancia, costo excesivo, e imposibilidad legal de algunos, de ofrecer perpetuidad. Por estas y otras muchas razones, los deudos actualmente buscan el dep\u00f3sito de cenizas de sus seres queridos en lugares como templos o iglesias<\/p>\n\n\n\n<p><br>Lo anterior nos obliga, seamos deudos potenciales o actuales, a buscar alternativas m\u00e1s viables, m\u00e1s econ\u00f3micas y que se ajusten a nuestras necesidades.<br><\/p>\n\n\n\n<p><strong>MISION.<\/strong><br>Nuestra misi\u00f3n es la creaci\u00f3n de espacios digno para el descanso de nuestros seres queridos, as\u00ed como la creaci\u00f3n de un ambiente agradable para la visita de los deudos al lugar<\/p>\n","protected":false},"excerpt":{"rendered":"<p>La Parroquia San Jos\u00e9 Obrero fue fundada en 1997, siendo su primer p\u00e1rroco el Padre Ram\u00f3n D\u00edaz Salda\u00f1a, fallecido en octubre de 2025, Actualmente se construye lo que ser\u00e1 el centro parroquial San Jos\u00e9 Obrero, teniendo como principal obra la construcci\u00f3n del nuevo templo parroquial. La Parroquia San Jos\u00e9 Obrero de Tamazula la Di\u00f3cesis de [&hellip;]<\/p>\n","protected":false},"author":1,"featured_media":0,"parent":0,"menu_order":0,"comment_status":"closed","ping_status":"closed","template":"","meta":{"footnotes":""},"class_list":["post-61","page","type-page","status-publish","hentry"],"yoast_head":"<!-- This site is optimized with the Yoast SEO plugin v26.7 - https:\/\/yoast.com\/wordpress\/plugins\/seo\/ -->\n<title>Historia - Parroquia de San Jos\u00e9 Obrero<\/title>\n<meta name=\"robots\" content=\"index, follow, max-snippet:-1, max-image-preview:large, max-video-preview:-1\" \/>\n<link rel=\"canonical\" href=\"https:\/\/parroquiadesanjoseobrero.com\/index.php\/historia\/\" \/>\n<meta property=\"og:locale\" content=\"es_ES\" \/>\n<meta property=\"og:type\" content=\"article\" \/>\n<meta property=\"og:title\" content=\"Historia - Parroquia de San Jos\u00e9 Obrero\" \/>\n<meta property=\"og:description\" content=\"La Parroquia San Jos\u00e9 Obrero fue fundada en 1997, siendo su primer p\u00e1rroco el Padre Ram\u00f3n D\u00edaz Salda\u00f1a, fallecido en octubre de 2025, Actualmente se construye lo que ser\u00e1 el centro parroquial San Jos\u00e9 Obrero, teniendo como principal obra la construcci\u00f3n del nuevo templo parroquial. La Parroquia San Jos\u00e9 Obrero de Tamazula la Di\u00f3cesis de [&hellip;]\" \/>\n<meta property=\"og:url\" content=\"https:\/\/parroquiadesanjoseobrero.com\/index.php\/historia\/\" \/>\n<meta property=\"og:site_name\" content=\"Parroquia de San Jos\u00e9 Obrero\" \/>\n<meta property=\"article:modified_time\" content=\"2026-01-12T20:28:04+00:00\" \/>\n<meta property=\"og:image\" content=\"https:\/\/parroquiadesanjoseobrero.com\/wp-content\/uploads\/2026\/01\/9.jpg\" \/>\n\t<meta property=\"og:image:width\" content=\"1348\" \/>\n\t<meta property=\"og:image:height\" content=\"1011\" \/>\n\t<meta property=\"og:image:type\" content=\"image\/jpeg\" \/>\n<meta name=\"twitter:card\" content=\"summary_large_image\" \/>\n<meta name=\"twitter:label1\" content=\"Tiempo de lectura\" \/>\n\t<meta name=\"twitter:data1\" content=\"4 minutos\" \/>\n<script type=\"application\/ld+json\" class=\"yoast-schema-graph\">{\"@context\":\"https:\/\/schema.org\",\"@graph\":[{\"@type\":\"WebPage\",\"@id\":\"https:\/\/parroquiadesanjoseobrero.com\/index.php\/historia\/\",\"url\":\"https:\/\/parroquiadesanjoseobrero.com\/index.php\/historia\/\",\"name\":\"Historia - Parroquia de San Jos\u00e9 Obrero\",\"isPartOf\":{\"@id\":\"https:\/\/parroquiadesanjoseobrero.com\/#website\"},\"primaryImageOfPage\":{\"@id\":\"https:\/\/parroquiadesanjoseobrero.com\/index.php\/historia\/#primaryimage\"},\"image\":{\"@id\":\"https:\/\/parroquiadesanjoseobrero.com\/index.php\/historia\/#primaryimage\"},\"thumbnailUrl\":\"https:\/\/parroquiadesanjoseobrero.com\/wp-content\/uploads\/2026\/01\/9-1024x768.jpg\",\"datePublished\":\"2026-01-12T20:28:02+00:00\",\"dateModified\":\"2026-01-12T20:28:04+00:00\",\"breadcrumb\":{\"@id\":\"https:\/\/parroquiadesanjoseobrero.com\/index.php\/historia\/#breadcrumb\"},\"inLanguage\":\"es\",\"potentialAction\":[{\"@type\":\"ReadAction\",\"target\":[\"https:\/\/parroquiadesanjoseobrero.com\/index.php\/historia\/\"]}]},{\"@type\":\"ImageObject\",\"inLanguage\":\"es\",\"@id\":\"https:\/\/parroquiadesanjoseobrero.com\/index.php\/historia\/#primaryimage\",\"url\":\"https:\/\/parroquiadesanjoseobrero.com\/wp-content\/uploads\/2026\/01\/9.jpg\",\"contentUrl\":\"https:\/\/parroquiadesanjoseobrero.com\/wp-content\/uploads\/2026\/01\/9.jpg\",\"width\":1348,\"height\":1011},{\"@type\":\"BreadcrumbList\",\"@id\":\"https:\/\/parroquiadesanjoseobrero.com\/index.php\/historia\/#breadcrumb\",\"itemListElement\":[{\"@type\":\"ListItem\",\"position\":1,\"name\":\"Portada\",\"item\":\"https:\/\/parroquiadesanjoseobrero.com\/\"},{\"@type\":\"ListItem\",\"position\":2,\"name\":\"Historia\"}]},{\"@type\":\"WebSite\",\"@id\":\"https:\/\/parroquiadesanjoseobrero.com\/#website\",\"url\":\"https:\/\/parroquiadesanjoseobrero.com\/\",\"name\":\"Parroquia de San Jos\u00e9 Obrero\",\"description\":\"\",\"publisher\":{\"@id\":\"https:\/\/parroquiadesanjoseobrero.com\/#organization\"},\"potentialAction\":[{\"@type\":\"SearchAction\",\"target\":{\"@type\":\"EntryPoint\",\"urlTemplate\":\"https:\/\/parroquiadesanjoseobrero.com\/?s={search_term_string}\"},\"query-input\":{\"@type\":\"PropertyValueSpecification\",\"valueRequired\":true,\"valueName\":\"search_term_string\"}}],\"inLanguage\":\"es\"},{\"@type\":\"Organization\",\"@id\":\"https:\/\/parroquiadesanjoseobrero.com\/#organization\",\"name\":\"Parroquia de San Jos\u00e9 Obrero\",\"url\":\"https:\/\/parroquiadesanjoseobrero.com\/\",\"logo\":{\"@type\":\"ImageObject\",\"inLanguage\":\"es\",\"@id\":\"https:\/\/parroquiadesanjoseobrero.com\/#\/schema\/logo\/image\/\",\"url\":\"https:\/\/parroquiadesanjoseobrero.com\/wp-content\/uploads\/2026\/01\/337515708_1561352841017208_8542608266731799410_n.jpg\",\"contentUrl\":\"https:\/\/parroquiadesanjoseobrero.com\/wp-content\/uploads\/2026\/01\/337515708_1561352841017208_8542608266731799410_n.jpg\",\"width\":575,\"height\":575,\"caption\":\"Parroquia de San Jos\u00e9 Obrero\"},\"image\":{\"@id\":\"https:\/\/parroquiadesanjoseobrero.com\/#\/schema\/logo\/image\/\"}}]}<\/script>\n<!-- \/ Yoast SEO plugin. -->","yoast_head_json":{"title":"Historia - Parroquia de San Jos\u00e9 Obrero","robots":{"index":"index","follow":"follow","max-snippet":"max-snippet:-1","max-image-preview":"max-image-preview:large","max-video-preview":"max-video-preview:-1"},"canonical":"https:\/\/parroquiadesanjoseobrero.com\/index.php\/historia\/","og_locale":"es_ES","og_type":"article","og_title":"Historia - Parroquia de San Jos\u00e9 Obrero","og_description":"La Parroquia San Jos\u00e9 Obrero fue fundada en 1997, siendo su primer p\u00e1rroco el Padre Ram\u00f3n D\u00edaz Salda\u00f1a, fallecido en octubre de 2025, Actualmente se construye lo que ser\u00e1 el centro parroquial San Jos\u00e9 Obrero, teniendo como principal obra la construcci\u00f3n del nuevo templo parroquial. La Parroquia San Jos\u00e9 Obrero de Tamazula la Di\u00f3cesis de [&hellip;]","og_url":"https:\/\/parroquiadesanjoseobrero.com\/index.php\/historia\/","og_site_name":"Parroquia de San Jos\u00e9 Obrero","article_modified_time":"2026-01-12T20:28:04+00:00","og_image":[{"width":1348,"height":1011,"url":"https:\/\/parroquiadesanjoseobrero.com\/wp-content\/uploads\/2026\/01\/9.jpg","type":"image\/jpeg"}],"twitter_card":"summary_large_image","twitter_misc":{"Tiempo de lectura":"4 minutos"},"schema":{"@context":"https:\/\/schema.org","@graph":[{"@type":"WebPage","@id":"https:\/\/parroquiadesanjoseobrero.com\/index.php\/historia\/","url":"https:\/\/parroquiadesanjoseobrero.com\/index.php\/historia\/","name":"Historia - Parroquia de San Jos\u00e9 Obrero","isPartOf":{"@id":"https:\/\/parroquiadesanjoseobrero.com\/#website"},"primaryImageOfPage":{"@id":"https:\/\/parroquiadesanjoseobrero.com\/index.php\/historia\/#primaryimage"},"image":{"@id":"https:\/\/parroquiadesanjoseobrero.com\/index.php\/historia\/#primaryimage"},"thumbnailUrl":"https:\/\/parroquiadesanjoseobrero.com\/wp-content\/uploads\/2026\/01\/9-1024x768.jpg","datePublished":"2026-01-12T20:28:02+00:00","dateModified":"2026-01-12T20:28:04+00:00","breadcrumb":{"@id":"https:\/\/parroquiadesanjoseobrero.com\/index.php\/historia\/#breadcrumb"},"inLanguage":"es","potentialAction":[{"@type":"ReadAction","target":["https:\/\/parroquiadesanjoseobrero.com\/index.php\/historia\/"]}]},{"@type":"ImageObject","inLanguage":"es","@id":"https:\/\/parroquiadesanjoseobrero.com\/index.php\/historia\/#primaryimage","url":"https:\/\/parroquiadesanjoseobrero.com\/wp-content\/uploads\/2026\/01\/9.jpg","contentUrl":"https:\/\/parroquiadesanjoseobrero.com\/wp-content\/uploads\/2026\/01\/9.jpg","width":1348,"height":1011},{"@type":"BreadcrumbList","@id":"https:\/\/parroquiadesanjoseobrero.com\/index.php\/historia\/#breadcrumb","itemListElement":[{"@type":"ListItem","position":1,"name":"Portada","item":"https:\/\/parroquiadesanjoseobrero.com\/"},{"@type":"ListItem","position":2,"name":"Historia"}]},{"@type":"WebSite","@id":"https:\/\/parroquiadesanjoseobrero.com\/#website","url":"https:\/\/parroquiadesanjoseobrero.com\/","name":"Parroquia de San Jos\u00e9 Obrero","description":"","publisher":{"@id":"https:\/\/parroquiadesanjoseobrero.com\/#organization"},"potentialAction":[{"@type":"SearchAction","target":{"@type":"EntryPoint","urlTemplate":"https:\/\/parroquiadesanjoseobrero.com\/?s={search_term_string}"},"query-input":{"@type":"PropertyValueSpecification","valueRequired":true,"valueName":"search_term_string"}}],"inLanguage":"es"},{"@type":"Organization","@id":"https:\/\/parroquiadesanjoseobrero.com\/#organization","name":"Parroquia de San Jos\u00e9 Obrero","url":"https:\/\/parroquiadesanjoseobrero.com\/","logo":{"@type":"ImageObject","inLanguage":"es","@id":"https:\/\/parroquiadesanjoseobrero.com\/#\/schema\/logo\/image\/","url":"https:\/\/parroquiadesanjoseobrero.com\/wp-content\/uploads\/2026\/01\/337515708_1561352841017208_8542608266731799410_n.jpg","contentUrl":"https:\/\/parroquiadesanjoseobrero.com\/wp-content\/uploads\/2026\/01\/337515708_1561352841017208_8542608266731799410_n.jpg","width":575,"height":575,"caption":"Parroquia de San Jos\u00e9 Obrero"},"image":{"@id":"https:\/\/parroquiadesanjoseobrero.com\/#\/schema\/logo\/image\/"}}]}},"_links":{"self":[{"href":"https:\/\/parroquiadesanjoseobrero.com\/index.php\/wp-json\/wp\/v2\/pages\/61","targetHints":{"allow":["GET"]}}],"collection":[{"href":"https:\/\/parroquiadesanjoseobrero.com\/index.php\/wp-json\/wp\/v2\/pages"}],"about":[{"href":"https:\/\/parroquiadesanjoseobrero.com\/index.php\/wp-json\/wp\/v2\/types\/page"}],"author":[{"embeddable":true,"href":"https:\/\/parroquiadesanjoseobrero.com\/index.php\/wp-json\/wp\/v2\/users\/1"}],"replies":[{"embeddable":true,"href":"https:\/\/parroquiadesanjoseobrero.com\/index.php\/wp-json\/wp\/v2\/comments?post=61"}],"version-history":[{"count":1,"href":"https:\/\/parroquiadesanjoseobrero.com\/index.php\/wp-json\/wp\/v2\/pages\/61\/revisions"}],"predecessor-version":[{"id":62,"href":"https:\/\/parroquiadesanjoseobrero.com\/index.php\/wp-json\/wp\/v2\/pages\/61\/revisions\/62"}],"wp:attachment":[{"href":"https:\/\/parroquiadesanjoseobrero.com\/index.php\/wp-json\/wp\/v2\/media?parent=61"}],"curies":[{"name":"wp","href":"https:\/\/api.w.org\/{rel}","templated":true}]}}