{"id":63,"date":"2026-01-12T20:28:51","date_gmt":"2026-01-12T20:28:51","guid":{"rendered":"https:\/\/parroquiadesanjoseobrero.com\/?page_id=63"},"modified":"2026-01-12T20:28:53","modified_gmt":"2026-01-12T20:28:53","slug":"donaciones","status":"publish","type":"page","link":"https:\/\/parroquiadesanjoseobrero.com\/index.php\/donaciones\/","title":{"rendered":"Donaciones"},"content":{"rendered":"\n<p>\u00abTu generosidad es el cimiento de nuestro templo. Cada peso donado es una semilla que florecer\u00e1 en un espacio de paz para todos. La construcci\u00f3n de nuestro Templo Parroquial se sustenta en la caridad de los fieles y el trabajo voluntario de nuestra comunidad.\u201d<br><\/p>\n\n\n\n<h2 class=\"wp-block-heading\">\u00bfC\u00f3mo puedes participar?<\/h2>\n\n\n\n<p><br><strong>Donaci\u00f3n Directa:<\/strong> Aporta seg\u00fan tus posibilidades; no hay monto peque\u00f1o cuando se da de coraz\u00f3n.<\/p>\n\n\n\n<p><br><strong>Voluntariado:<\/strong> Ofrece tu tiempo y habilidades para ayudar en la construcci\u00f3n o en la organizaci\u00f3n de eventos.<\/p>\n\n\n\n<p><br><strong>Participa en Eventos de Fondeo \u00f3 Recaudaci\u00f3n:<\/strong> Asiste y colabora en las actividades que se organicen para apoyar el proyecto.<\/p>\n\n\n\n<p><br><strong>Transparencia garantizada:<\/strong> Se publicar\u00e1n actualizaciones peri\u00f3dicas sobre el avance de la obra y el uso de los fondos para que seas testigo de c\u00f3mo crece tu inversi\u00f3n espiritual.<\/p>\n","protected":false},"excerpt":{"rendered":"<p>\u00abTu generosidad es el cimiento de nuestro templo. Cada peso donado es una semilla que florecer\u00e1 en un espacio de paz para todos. La construcci\u00f3n de nuestro Templo Parroquial se sustenta en la caridad de los fieles y el trabajo voluntario de nuestra comunidad.\u201d \u00bfC\u00f3mo puedes participar? Donaci\u00f3n Directa: Aporta seg\u00fan tus posibilidades; no hay [&hellip;]<\/p>\n","protected":false},"author":1,"featured_media":0,"parent":0,"menu_order":0,"comment_status":"closed","ping_status":"closed","template":"","meta":{"footnotes":""},"class_list":["post-63","page","type-page","status-publish","hentry"],"yoast_head":"<!-- This site is optimized with the Yoast SEO plugin v26.7 - https:\/\/yoast.com\/wordpress\/plugins\/seo\/ -->\n<title>Donaciones - Parroquia de San Jos\u00e9 Obrero<\/title>\n<meta name=\"robots\" content=\"index, follow, max-snippet:-1, max-image-preview:large, max-video-preview:-1\" \/>\n<link rel=\"canonical\" href=\"https:\/\/parroquiadesanjoseobrero.com\/index.php\/donaciones\/\" \/>\n<meta property=\"og:locale\" content=\"es_ES\" \/>\n<meta property=\"og:type\" content=\"article\" \/>\n<meta property=\"og:title\" content=\"Donaciones - Parroquia de San Jos\u00e9 Obrero\" \/>\n<meta property=\"og:description\" content=\"\u00abTu generosidad es el cimiento de nuestro templo. Cada peso donado es una semilla que florecer\u00e1 en un espacio de paz para todos. La construcci\u00f3n de nuestro Templo Parroquial se sustenta en la caridad de los fieles y el trabajo voluntario de nuestra comunidad.\u201d \u00bfC\u00f3mo puedes participar? Donaci\u00f3n Directa: Aporta seg\u00fan tus posibilidades; no hay [&hellip;]\" \/>\n<meta property=\"og:url\" content=\"https:\/\/parroquiadesanjoseobrero.com\/index.php\/donaciones\/\" \/>\n<meta property=\"og:site_name\" content=\"Parroquia de San Jos\u00e9 Obrero\" \/>\n<meta property=\"article:modified_time\" content=\"2026-01-12T20:28:53+00:00\" \/>\n<meta name=\"twitter:card\" content=\"summary_large_image\" \/>\n<script type=\"application\/ld+json\" class=\"yoast-schema-graph\">{\"@context\":\"https:\/\/schema.org\",\"@graph\":[{\"@type\":\"WebPage\",\"@id\":\"https:\/\/parroquiadesanjoseobrero.com\/index.php\/donaciones\/\",\"url\":\"https:\/\/parroquiadesanjoseobrero.com\/index.php\/donaciones\/\",\"name\":\"Donaciones - Parroquia de San Jos\u00e9 Obrero\",\"isPartOf\":{\"@id\":\"https:\/\/parroquiadesanjoseobrero.com\/#website\"},\"datePublished\":\"2026-01-12T20:28:51+00:00\",\"dateModified\":\"2026-01-12T20:28:53+00:00\",\"breadcrumb\":{\"@id\":\"https:\/\/parroquiadesanjoseobrero.com\/index.php\/donaciones\/#breadcrumb\"},\"inLanguage\":\"es\",\"potentialAction\":[{\"@type\":\"ReadAction\",\"target\":[\"https:\/\/parroquiadesanjoseobrero.com\/index.php\/donaciones\/\"]}]},{\"@type\":\"BreadcrumbList\",\"@id\":\"https:\/\/parroquiadesanjoseobrero.com\/index.php\/donaciones\/#breadcrumb\",\"itemListElement\":[{\"@type\":\"ListItem\",\"position\":1,\"name\":\"Portada\",\"item\":\"https:\/\/parroquiadesanjoseobrero.com\/\"},{\"@type\":\"ListItem\",\"position\":2,\"name\":\"Donaciones\"}]},{\"@type\":\"WebSite\",\"@id\":\"https:\/\/parroquiadesanjoseobrero.com\/#website\",\"url\":\"https:\/\/parroquiadesanjoseobrero.com\/\",\"name\":\"Parroquia de San Jos\u00e9 Obrero\",\"description\":\"\",\"publisher\":{\"@id\":\"https:\/\/parroquiadesanjoseobrero.com\/#organization\"},\"potentialAction\":[{\"@type\":\"SearchAction\",\"target\":{\"@type\":\"EntryPoint\",\"urlTemplate\":\"https:\/\/parroquiadesanjoseobrero.com\/?s={search_term_string}\"},\"query-input\":{\"@type\":\"PropertyValueSpecification\",\"valueRequired\":true,\"valueName\":\"search_term_string\"}}],\"inLanguage\":\"es\"},{\"@type\":\"Organization\",\"@id\":\"https:\/\/parroquiadesanjoseobrero.com\/#organization\",\"name\":\"Parroquia de San Jos\u00e9 Obrero\",\"url\":\"https:\/\/parroquiadesanjoseobrero.com\/\",\"logo\":{\"@type\":\"ImageObject\",\"inLanguage\":\"es\",\"@id\":\"https:\/\/parroquiadesanjoseobrero.com\/#\/schema\/logo\/image\/\",\"url\":\"https:\/\/parroquiadesanjoseobrero.com\/wp-content\/uploads\/2026\/01\/337515708_1561352841017208_8542608266731799410_n.jpg\",\"contentUrl\":\"https:\/\/parroquiadesanjoseobrero.com\/wp-content\/uploads\/2026\/01\/337515708_1561352841017208_8542608266731799410_n.jpg\",\"width\":575,\"height\":575,\"caption\":\"Parroquia de San Jos\u00e9 Obrero\"},\"image\":{\"@id\":\"https:\/\/parroquiadesanjoseobrero.com\/#\/schema\/logo\/image\/\"}}]}<\/script>\n<!-- \/ Yoast SEO plugin. -->","yoast_head_json":{"title":"Donaciones - Parroquia de San Jos\u00e9 Obrero","robots":{"index":"index","follow":"follow","max-snippet":"max-snippet:-1","max-image-preview":"max-image-preview:large","max-video-preview":"max-video-preview:-1"},"canonical":"https:\/\/parroquiadesanjoseobrero.com\/index.php\/donaciones\/","og_locale":"es_ES","og_type":"article","og_title":"Donaciones - Parroquia de San Jos\u00e9 Obrero","og_description":"\u00abTu generosidad es el cimiento de nuestro templo. Cada peso donado es una semilla que florecer\u00e1 en un espacio de paz para todos. La construcci\u00f3n de nuestro Templo Parroquial se sustenta en la caridad de los fieles y el trabajo voluntario de nuestra comunidad.\u201d \u00bfC\u00f3mo puedes participar? Donaci\u00f3n Directa: Aporta seg\u00fan tus posibilidades; no hay [&hellip;]","og_url":"https:\/\/parroquiadesanjoseobrero.com\/index.php\/donaciones\/","og_site_name":"Parroquia de San Jos\u00e9 Obrero","article_modified_time":"2026-01-12T20:28:53+00:00","twitter_card":"summary_large_image","schema":{"@context":"https:\/\/schema.org","@graph":[{"@type":"WebPage","@id":"https:\/\/parroquiadesanjoseobrero.com\/index.php\/donaciones\/","url":"https:\/\/parroquiadesanjoseobrero.com\/index.php\/donaciones\/","name":"Donaciones - Parroquia de San Jos\u00e9 Obrero","isPartOf":{"@id":"https:\/\/parroquiadesanjoseobrero.com\/#website"},"datePublished":"2026-01-12T20:28:51+00:00","dateModified":"2026-01-12T20:28:53+00:00","breadcrumb":{"@id":"https:\/\/parroquiadesanjoseobrero.com\/index.php\/donaciones\/#breadcrumb"},"inLanguage":"es","potentialAction":[{"@type":"ReadAction","target":["https:\/\/parroquiadesanjoseobrero.com\/index.php\/donaciones\/"]}]},{"@type":"BreadcrumbList","@id":"https:\/\/parroquiadesanjoseobrero.com\/index.php\/donaciones\/#breadcrumb","itemListElement":[{"@type":"ListItem","position":1,"name":"Portada","item":"https:\/\/parroquiadesanjoseobrero.com\/"},{"@type":"ListItem","position":2,"name":"Donaciones"}]},{"@type":"WebSite","@id":"https:\/\/parroquiadesanjoseobrero.com\/#website","url":"https:\/\/parroquiadesanjoseobrero.com\/","name":"Parroquia de San Jos\u00e9 Obrero","description":"","publisher":{"@id":"https:\/\/parroquiadesanjoseobrero.com\/#organization"},"potentialAction":[{"@type":"SearchAction","target":{"@type":"EntryPoint","urlTemplate":"https:\/\/parroquiadesanjoseobrero.com\/?s={search_term_string}"},"query-input":{"@type":"PropertyValueSpecification","valueRequired":true,"valueName":"search_term_string"}}],"inLanguage":"es"},{"@type":"Organization","@id":"https:\/\/parroquiadesanjoseobrero.com\/#organization","name":"Parroquia de San Jos\u00e9 Obrero","url":"https:\/\/parroquiadesanjoseobrero.com\/","logo":{"@type":"ImageObject","inLanguage":"es","@id":"https:\/\/parroquiadesanjoseobrero.com\/#\/schema\/logo\/image\/","url":"https:\/\/parroquiadesanjoseobrero.com\/wp-content\/uploads\/2026\/01\/337515708_1561352841017208_8542608266731799410_n.jpg","contentUrl":"https:\/\/parroquiadesanjoseobrero.com\/wp-content\/uploads\/2026\/01\/337515708_1561352841017208_8542608266731799410_n.jpg","width":575,"height":575,"caption":"Parroquia de San Jos\u00e9 Obrero"},"image":{"@id":"https:\/\/parroquiadesanjoseobrero.com\/#\/schema\/logo\/image\/"}}]}},"_links":{"self":[{"href":"https:\/\/parroquiadesanjoseobrero.com\/index.php\/wp-json\/wp\/v2\/pages\/63","targetHints":{"allow":["GET"]}}],"collection":[{"href":"https:\/\/parroquiadesanjoseobrero.com\/index.php\/wp-json\/wp\/v2\/pages"}],"about":[{"href":"https:\/\/parroquiadesanjoseobrero.com\/index.php\/wp-json\/wp\/v2\/types\/page"}],"author":[{"embeddable":true,"href":"https:\/\/parroquiadesanjoseobrero.com\/index.php\/wp-json\/wp\/v2\/users\/1"}],"replies":[{"embeddable":true,"href":"https:\/\/parroquiadesanjoseobrero.com\/index.php\/wp-json\/wp\/v2\/comments?post=63"}],"version-history":[{"count":1,"href":"https:\/\/parroquiadesanjoseobrero.com\/index.php\/wp-json\/wp\/v2\/pages\/63\/revisions"}],"predecessor-version":[{"id":64,"href":"https:\/\/parroquiadesanjoseobrero.com\/index.php\/wp-json\/wp\/v2\/pages\/63\/revisions\/64"}],"wp:attachment":[{"href":"https:\/\/parroquiadesanjoseobrero.com\/index.php\/wp-json\/wp\/v2\/media?parent=63"}],"curies":[{"name":"wp","href":"https:\/\/api.w.org\/{rel}","templated":true}]}}